{"id":254,"date":"2022-01-14T10:20:52","date_gmt":"2022-01-14T10:20:52","guid":{"rendered":"https:\/\/mallorcaresidentialmanagement.com\/?page_id=254"},"modified":"2022-03-03T07:51:09","modified_gmt":"2022-03-03T07:51:09","slug":"aviso-legal","status":"publish","type":"page","link":"https:\/\/mallorcaresidentialmanagement.com\/es\/aviso-legal\/","title":{"rendered":"Aviso Legal"},"content":{"rendered":"<div class=\"fusion-fullwidth fullwidth-box fusion-builder-row-1 fusion-flex-container nonhundred-percent-fullwidth non-hundred-percent-height-scrolling\" style=\"--awb-border-radius-top-left:0px;--awb-border-radius-top-right:0px;--awb-border-radius-bottom-right:0px;--awb-border-radius-bottom-left:0px;--awb-margin-top:10%;--awb-flex-wrap:wrap;\" ><div class=\"fusion-builder-row fusion-row fusion-flex-align-items-flex-start fusion-flex-content-wrap\" style=\"max-width:1456px;margin-left: calc(-4% \/ 2 );margin-right: calc(-4% \/ 2 );\"><div class=\"fusion-layout-column fusion_builder_column fusion-builder-column-0 fusion_builder_column_1_1 1_1 fusion-flex-column\" style=\"--awb-bg-size:cover;--awb-width-large:100%;--awb-margin-top-large:0px;--awb-spacing-right-large:1.92%;--awb-margin-bottom-large:20px;--awb-spacing-left-large:1.92%;--awb-width-medium:100%;--awb-order-medium:0;--awb-spacing-right-medium:1.92%;--awb-spacing-left-medium:1.92%;--awb-width-small:100%;--awb-order-small:0;--awb-spacing-right-small:1.92%;--awb-spacing-left-small:1.92%;\"><div class=\"fusion-column-wrapper fusion-column-has-shadow fusion-flex-justify-content-flex-start fusion-content-layout-column\"><div class=\"fusion-title title fusion-title-1 fusion-sep-none fusion-title-text fusion-title-size-one\" style=\"--awb-margin-bottom:2%;\"><h1 class=\"fusion-title-heading title-heading-left fusion-responsive-typography-calculated\" style=\"margin:0;--fontSize:37.125;line-height:1.2;\">Aviso legal<\/h1><\/div><div class=\"fusion-text fusion-text-1\" style=\"--awb-text-transform:none;\"><p><strong>CONTENIDOS EN L\u00cdNEA<\/strong><br \/>\nEl autor no asume ninguna responsabilidad por la actualidad, exactitud, integridad o calidad de la informaci\u00f3n ofrecida. Las reclamaciones de responsabilidad contra el autor en relaci\u00f3n con la naturaleza material o inmaterial causado por el uso o desuso de la informaci\u00f3n o el uso de informaci\u00f3n incorrecta e incompleta son excluidos, a menos que de parte del autor no exista una culpabilidad deliberada intenci\u00f3n de grave negligencia. Todas las ofertas son libres de compromiso y no vinculantes. El autor se reserva el derecho de cambiar partes o toda la oferta sin previo aviso, a\u00f1adir, eliminar o temporal o permanente.<\/p>\n<p><strong>REFERENCIAS Y ENLACES<\/strong><br \/>\nPara los enlaces directos o indirectos a otros sitios web (\u201chiperv\u00ednculos\u201d) que se encuentran fuera de la responsabilidad del autor, la responsabilidad s\u00f3lo se plantear\u00eda en el caso de la fuerza, en los que el autor es consciente de los contenidos y que sea t\u00e9cnicamente posible y razonable para evitar el uso de contenidos ilegales. El autor explica expresamente que en el momento de la vinculaci\u00f3n, ning\u00fan contenido ilegal fue transparentado en las p\u00e1ginas enlazadas. En la actual y futura configuraci\u00f3n, los contenidos o la autor\u00eda de las p\u00e1ginas enlazadas, el autor no tiene ning\u00fan control. Por lo tanto, se distancia de todos los contenidos de todas las p\u00e1ginas que fueron modificadas despu\u00e9s del enlace. Esta constataci\u00f3n se aplica a todos los enlaces dentro de la propia oferta de Internet, enlaces y referencias, as\u00ed como a las entradas externas en el libro de visitas, foros de discusi\u00f3n, directorios de enlaces, listas de correo y todas las dem\u00e1s formas de bases de datos cuyo acceso externo es posible. Para contenidos ilegales, incorrectos o incompletos y los da\u00f1os producidos por el uso o no uso de dicha informaci\u00f3n, s\u00f3lo el proveedor del sitio a que se refiere ser\u00e1 responsable, y no el que ha vinculado a estas p\u00e1ginas.<\/p>\n<p><strong>DERECHO DE AUTOR Y MARCAS<\/strong><br \/>\nEl autor trata de respetar en todas las publicaciones los derechos de autor de las im\u00e1genes, gr\u00e1ficos, archivos de sonido, secuencias de v\u00eddeo y textos, para usar sus propios gr\u00e1ficos, archivos de sonido, secuencias de v\u00eddeo y textos o recurrir a gr\u00e1ficos, archivos de sonido, secuencias de v\u00eddeo y textos libres de derecho de Autores. Todos dentro de la oferta de Internet mencionados y marcas protegidas y marcas comerciales sucumben las disposiciones de la legislaci\u00f3n de marcas y los derechos del propietario del copyright. La simple causa de la menci\u00f3n no implica que las marcas no est\u00e1n protegidos por la ley de terceros! El Copyright por anunciados Inmuebles creados por el autor, se quedaran \u00fanicamente en el derecho del autor. Cualquier reproducci\u00f3n o utilizaci\u00f3n de gr\u00e1ficos, archivos de sonido, secuencias de v\u00eddeo y textos en otras publicaciones electr\u00f3nicas o impresas sin la autorizaci\u00f3n expresa del autor no est\u00e1 permitida.<\/p>\n<p><strong>POL\u00cdTICA DE PRIVACIDAD<\/strong><br \/>\nEn caso de que exista la posibilidad de poder tener acceso a datos personales o comerciales (direcciones de correo electr\u00f3nico, nombre, direcciones), se realiza la divulgaci\u00f3n de dicha informaci\u00f3n por parte del usuario de forma voluntaria. El uso y pago de todos los servicios ofrecidos son \u2013 si t\u00e9cnicamente es posible y razonable \u2013 permitidos sin especificaci\u00f3n de ning\u00fan dato personal o bajo especificaci\u00f3n de datos an\u00f3nimos o alias. El uso de la impresi\u00f3n o datos comparables de las direcciones postales, tel\u00e9fono y n\u00fameros de fax y direcciones de correo electr\u00f3nico para enviar informaci\u00f3n no solicitada est\u00e1 prohibido. Acciones legales contra los remitentes de mensajes de spam en violaci\u00f3n de esta prohibici\u00f3n est\u00e1n expresamente reservados.<\/p>\n<p><strong>NOTAS JUR\u00cdDICAS<\/strong><br \/>\nSe reservan todos los derechos de los textos utilizados, los im\u00e1genes y los v\u00eddeos a la empresa. Se someten a la protecci\u00f3n por los derechos de autor y por otros derechos y no pueden ser utilizados, copiados, publicados o modificados para objetivos comerciales de terceros. Las p\u00e1ginas web de mallorcaresidentialmanagement.com se han elaborado con el mayor cuidado. No se asume ninguna responsabilidad ni garant\u00eda de la exactitud, precisi\u00f3n o errores en la informaci\u00f3n ofrecida en la p\u00e1gina web. Adem\u00e1s queda excluido cualquier responsabilidad por da\u00f1os que nazcan directamente o indirectamente de la utilizaci\u00f3n de las p\u00e1ginas web. Siempre que en las p\u00e1ginas web se encuentren enlaces a otras p\u00e1ginas eso sirve solamente a la facilidad del usuario. No obstante no se asume ninguna responsabilidad por el contenido de esas p\u00e1ginas. Conexiones a otras p\u00e1ginas no representan ninguna referencia o aprobaci\u00f3n del contenido de esas p\u00e1ginas o de los resultados ofrecidos y de la informaci\u00f3n. La utilizaci\u00f3n de otras p\u00e1ginas se somete solamente a la responsabilidad del usuario. Por el uso de las p\u00e1ginas web no hace ninguna relaci\u00f3n contractual entre mallorcaresidentialmanagement.com y el usuario. mallorcaresidentialmanagement.com se reserva el derecho de efectuar sin previo aviso las modificaciones que considere oportunas en sus p\u00e1ginas web, pudiendo cambiar, suprimir o a\u00f1adir tanto los contenidos y servicios que se presten a trav\u00e9s de la misma como la forma en la que \u00e9stos aparezcan presentados o localizados en la p\u00e1gina web. Siempre que se exijan datos personales al usuario en las p\u00e1ginas web de mallorcaresidentialmanagement.com la indicaci\u00f3n de estos datos es voluntaria. Estos datos se tratan confidencialmente y solamente tratadas en el marco de las disposiciones de la ley federal sobre la protecci\u00f3n de los datos.<\/p>\n<\/div><\/div><\/div><\/div><\/div>\n","protected":false},"excerpt":{"rendered":"","protected":false},"author":1,"featured_media":0,"parent":0,"menu_order":0,"comment_status":"closed","ping_status":"closed","template":"100-width.php","meta":{"_joinchat":[],"footnotes":""},"yoast_head":"<!-- This site is optimized with the Yoast SEO plugin v22.8 - https:\/\/yoast.com\/wordpress\/plugins\/seo\/ -->\n<title>Aviso Legal | Mallorca Residential Management<\/title>\n<meta name=\"description\" content=\"Ponemos en conocimiento de los usuarios y clientes de Mallorca Residential Management el aviso legal sobre el uso de informaci\u00f3n por parte de la empresa.\" \/>\n<meta name=\"robots\" content=\"index, follow, max-snippet:-1, max-image-preview:large, max-video-preview:-1\" \/>\n<link rel=\"canonical\" href=\"https:\/\/mallorcaresidentialmanagement.com\/es\/aviso-legal\/\" \/>\n<meta property=\"og:locale\" content=\"es_ES\" \/>\n<meta property=\"og:type\" content=\"article\" \/>\n<meta property=\"og:title\" content=\"Aviso Legal | Mallorca Residential Management\" \/>\n<meta property=\"og:description\" content=\"Ponemos en conocimiento de los usuarios y clientes de Mallorca Residential Management el aviso legal sobre el uso de informaci\u00f3n por parte de la empresa.\" \/>\n<meta property=\"og:url\" content=\"https:\/\/mallorcaresidentialmanagement.com\/es\/aviso-legal\/\" \/>\n<meta property=\"og:site_name\" content=\"Mallorca Residential Management\" \/>\n<meta property=\"article:modified_time\" content=\"2022-03-03T07:51:09+00:00\" \/>\n<meta name=\"twitter:card\" content=\"summary_large_image\" \/>\n<script type=\"application\/ld+json\" class=\"yoast-schema-graph\">{\"@context\":\"https:\/\/schema.org\",\"@graph\":[{\"@type\":\"WebPage\",\"@id\":\"https:\/\/mallorcaresidentialmanagement.com\/es\/aviso-legal\/\",\"url\":\"https:\/\/mallorcaresidentialmanagement.com\/es\/aviso-legal\/\",\"name\":\"Aviso Legal | Mallorca Residential Management\",\"isPartOf\":{\"@id\":\"https:\/\/mallorcaresidentialmanagement.com\/es\/#website\"},\"datePublished\":\"2022-01-14T10:20:52+00:00\",\"dateModified\":\"2022-03-03T07:51:09+00:00\",\"description\":\"Ponemos en conocimiento de los usuarios y clientes de Mallorca Residential Management el aviso legal sobre el uso de informaci\u00f3n por parte de la empresa.\",\"breadcrumb\":{\"@id\":\"https:\/\/mallorcaresidentialmanagement.com\/es\/aviso-legal\/#breadcrumb\"},\"inLanguage\":\"es\",\"potentialAction\":[{\"@type\":\"ReadAction\",\"target\":[\"https:\/\/mallorcaresidentialmanagement.com\/es\/aviso-legal\/\"]}]},{\"@type\":\"BreadcrumbList\",\"@id\":\"https:\/\/mallorcaresidentialmanagement.com\/es\/aviso-legal\/#breadcrumb\",\"itemListElement\":[{\"@type\":\"ListItem\",\"position\":1,\"name\":\"Portada\",\"item\":\"https:\/\/mallorcaresidentialmanagement.com\/es\/\"},{\"@type\":\"ListItem\",\"position\":2,\"name\":\"Aviso Legal\"}]},{\"@type\":\"WebSite\",\"@id\":\"https:\/\/mallorcaresidentialmanagement.com\/es\/#website\",\"url\":\"https:\/\/mallorcaresidentialmanagement.com\/es\/\",\"name\":\"Mallorca Residential Management\",\"description\":\"\",\"potentialAction\":[{\"@type\":\"SearchAction\",\"target\":{\"@type\":\"EntryPoint\",\"urlTemplate\":\"https:\/\/mallorcaresidentialmanagement.com\/es\/?s={search_term_string}\"},\"query-input\":\"required name=search_term_string\"}],\"inLanguage\":\"es\"}]}<\/script>\n<!-- \/ Yoast SEO plugin. -->","yoast_head_json":{"title":"Aviso Legal | Mallorca Residential Management","description":"Ponemos en conocimiento de los usuarios y clientes de Mallorca Residential Management el aviso legal sobre el uso de informaci\u00f3n por parte de la empresa.","robots":{"index":"index","follow":"follow","max-snippet":"max-snippet:-1","max-image-preview":"max-image-preview:large","max-video-preview":"max-video-preview:-1"},"canonical":"https:\/\/mallorcaresidentialmanagement.com\/es\/aviso-legal\/","og_locale":"es_ES","og_type":"article","og_title":"Aviso Legal | Mallorca Residential Management","og_description":"Ponemos en conocimiento de los usuarios y clientes de Mallorca Residential Management el aviso legal sobre el uso de informaci\u00f3n por parte de la empresa.","og_url":"https:\/\/mallorcaresidentialmanagement.com\/es\/aviso-legal\/","og_site_name":"Mallorca Residential Management","article_modified_time":"2022-03-03T07:51:09+00:00","twitter_card":"summary_large_image","schema":{"@context":"https:\/\/schema.org","@graph":[{"@type":"WebPage","@id":"https:\/\/mallorcaresidentialmanagement.com\/es\/aviso-legal\/","url":"https:\/\/mallorcaresidentialmanagement.com\/es\/aviso-legal\/","name":"Aviso Legal | Mallorca Residential Management","isPartOf":{"@id":"https:\/\/mallorcaresidentialmanagement.com\/es\/#website"},"datePublished":"2022-01-14T10:20:52+00:00","dateModified":"2022-03-03T07:51:09+00:00","description":"Ponemos en conocimiento de los usuarios y clientes de Mallorca Residential Management el aviso legal sobre el uso de informaci\u00f3n por parte de la empresa.","breadcrumb":{"@id":"https:\/\/mallorcaresidentialmanagement.com\/es\/aviso-legal\/#breadcrumb"},"inLanguage":"es","potentialAction":[{"@type":"ReadAction","target":["https:\/\/mallorcaresidentialmanagement.com\/es\/aviso-legal\/"]}]},{"@type":"BreadcrumbList","@id":"https:\/\/mallorcaresidentialmanagement.com\/es\/aviso-legal\/#breadcrumb","itemListElement":[{"@type":"ListItem","position":1,"name":"Portada","item":"https:\/\/mallorcaresidentialmanagement.com\/es\/"},{"@type":"ListItem","position":2,"name":"Aviso Legal"}]},{"@type":"WebSite","@id":"https:\/\/mallorcaresidentialmanagement.com\/es\/#website","url":"https:\/\/mallorcaresidentialmanagement.com\/es\/","name":"Mallorca Residential Management","description":"","potentialAction":[{"@type":"SearchAction","target":{"@type":"EntryPoint","urlTemplate":"https:\/\/mallorcaresidentialmanagement.com\/es\/?s={search_term_string}"},"query-input":"required name=search_term_string"}],"inLanguage":"es"}]}},"_links":{"self":[{"href":"https:\/\/mallorcaresidentialmanagement.com\/es\/wp-json\/wp\/v2\/pages\/254"}],"collection":[{"href":"https:\/\/mallorcaresidentialmanagement.com\/es\/wp-json\/wp\/v2\/pages"}],"about":[{"href":"https:\/\/mallorcaresidentialmanagement.com\/es\/wp-json\/wp\/v2\/types\/page"}],"author":[{"embeddable":true,"href":"https:\/\/mallorcaresidentialmanagement.com\/es\/wp-json\/wp\/v2\/users\/1"}],"replies":[{"embeddable":true,"href":"https:\/\/mallorcaresidentialmanagement.com\/es\/wp-json\/wp\/v2\/comments?post=254"}],"version-history":[{"count":0,"href":"https:\/\/mallorcaresidentialmanagement.com\/es\/wp-json\/wp\/v2\/pages\/254\/revisions"}],"wp:attachment":[{"href":"https:\/\/mallorcaresidentialmanagement.com\/es\/wp-json\/wp\/v2\/media?parent=254"}],"curies":[{"name":"wp","href":"https:\/\/api.w.org\/{rel}","templated":true}]}}