{"id":255,"date":"2022-01-14T10:25:08","date_gmt":"2022-01-14T10:25:08","guid":{"rendered":"https:\/\/mallorcaresidentialmanagement.com\/?page_id=255"},"modified":"2022-10-05T14:05:50","modified_gmt":"2022-10-05T14:05:50","slug":"politica-de-privacidad","status":"publish","type":"page","link":"https:\/\/mallorcaresidentialmanagement.com\/es\/politica-de-privacidad\/","title":{"rendered":"Pol\u00edtica de Privacidad"},"content":{"rendered":"<div class=\"fusion-fullwidth fullwidth-box fusion-builder-row-1 fusion-flex-container nonhundred-percent-fullwidth non-hundred-percent-height-scrolling\" style=\"--awb-border-radius-top-left:0px;--awb-border-radius-top-right:0px;--awb-border-radius-bottom-right:0px;--awb-border-radius-bottom-left:0px;--awb-flex-wrap:wrap;\" ><div class=\"fusion-builder-row fusion-row fusion-flex-align-items-flex-start fusion-flex-content-wrap\" style=\"max-width:1456px;margin-left: calc(-4% \/ 2 );margin-right: calc(-4% \/ 2 );\"><div class=\"fusion-layout-column fusion_builder_column fusion-builder-column-0 fusion_builder_column_1_1 1_1 fusion-flex-column\" style=\"--awb-bg-size:cover;--awb-width-large:100%;--awb-margin-top-large:10%;--awb-spacing-right-large:1.92%;--awb-margin-bottom-large:20px;--awb-spacing-left-large:1.92%;--awb-width-medium:100%;--awb-order-medium:0;--awb-spacing-right-medium:1.92%;--awb-spacing-left-medium:1.92%;--awb-width-small:100%;--awb-order-small:0;--awb-spacing-right-small:1.92%;--awb-spacing-left-small:1.92%;\"><div class=\"fusion-column-wrapper fusion-column-has-shadow fusion-flex-justify-content-flex-start fusion-content-layout-column\"><div class=\"fusion-title title fusion-title-1 fusion-sep-none fusion-title-text fusion-title-size-one\" style=\"--awb-margin-bottom:2%;\"><h1 class=\"fusion-title-heading title-heading-left fusion-responsive-typography-calculated\" style=\"margin:0;--fontSize:37.125;line-height:1.2;\">Pol\u00edtica de Privacidad<\/h1><\/div><div class=\"fusion-text fusion-text-1\" style=\"--awb-text-transform:none;\"><p><strong>1. DATOS IDENTIFICATIVOS DEL TITULAR DE LA WEB<\/strong><br \/>\nLa persona titular de la p\u00e1gina mallorcaresidentialmanagement.com (en adelante, el Sitio Web) es Natalia Reyes Mitchell &#8211; 43178655-L (en adelante, el Titular), con domicilio en C\/ Caro, 2, 07013 Palma, Espa\u00f1a, Islas Baleares, y con direcci\u00f3n de correo electr\u00f3nico info@mallorcaresidentialmanagement.com.<\/p>\n<p><strong>2. CONDICIONES DE ACCESO Y UTILIZACI\u00d3N DEL SITIO WEB Y SUS CONTENIDOS<\/strong><br \/>\nEl Sitio Web proporciona acceso al Usuario a m\u00faltiples informaciones, servicios o datos en Internet pertenecientes al Titular. La condici\u00f3n de Usuario es atribuida por la utilizaci\u00f3n del Sitio Web e implica la aceptaci\u00f3n de todos los apartados de este Aviso Legal. Asimismo, el Usuario de este Sitio Web se compromete a hacer un uso l\u00edcito del mismo y sus contenidos. El Titular se guarda el derecho a retirar del Sitio Web cualquier comentario que sea il\u00edcito, contrario a la buena fe o al orden p\u00fablico, que lesione derechos e intereses de terceros, o que de cualquier forma pueda resultar ofensivo en un sentido amplio. Si un usuario o tercero, considerara que alg\u00fan comentario publicado en el Sitio Web o alguno de sus enlaces son il\u00edcitos o tienen las caracter\u00edsticas establecidas en el p\u00e1rrafo anterior deber\u00e1n comunicarlo en la mayor brevedad posible al Titular para que se proceda a su retirada.<\/p>\n<p><strong>3. POL\u00cdTICA DE PROTECCI\u00d3N DE DATOS<\/strong><br \/>\nDe conformidad con lo establecido en el art\u00edculo 5.1 de la Ley Org\u00e1nica 15\/1999, de 13 de diciembre, de Protecci\u00f3n de Datos de Car\u00e1cter Personal (en adelante, LOPD), se informa a los interesados que todos los datos facilitados por el Usuario a trav\u00e9s del Sitio Web, ser\u00e1n incorporados y tratados en los ficheros propiedad del Titular a los que se dar\u00e1 el tratamiento estipulado por la LOPD. Los datos obtenidos tendr\u00e1n las siguientes finalidades: 1) posibilitar la prestaci\u00f3n de los servicios solicitados por el Usuario y atender sus peticiones de informaci\u00f3n; 2) mantener informado al Usuario, incluso por medios electr\u00f3nicos, acerca de los productos, servicios y noticias del Titular; y 3) permitir la suscripci\u00f3n del Usuario en el Blog del Sitio Web. No obstante, en relaci\u00f3n a la segunda finalidad, el Usuario podr\u00e1 solicitar en cualquier momento no recibir m\u00e1s comunicaciones de este tipo enviando un correo electr\u00f3nico dirigido a info@mallorcaresidentialmanagement.com. Los titulares de los datos tienen el derecho de acceso, rectificaci\u00f3n, cancelaci\u00f3n y oposici\u00f3n de sus datos. Para ejercitar estos derechos, los titulares de los datos pueden dirigir una petici\u00f3n escrita por correo postal, acompa\u00f1ada de fotocopia de DNI, a la direcci\u00f3n facilitada por el Titular en el apartado primero del presente aviso legal; o bien mediante correo electr\u00f3nico, firmado electr\u00f3nicamente, remitido a la direcci\u00f3n info@mallorcaresidentialmanagement.com. Los usuarios responder\u00e1n en cualquier caso, de la veracidad de los datos facilitados, reserv\u00e1ndose al Titular el derecho a excluir a todo usuario que haya facilitado datos falsos o err\u00f3neos, sin perjuicio de las dem\u00e1s acciones que procedan legalmente. La presente Pol\u00edtica de Protecci\u00f3n de Datos puede ser modificada atendiendo escrupulosamente tanto a posibles cambios legislativos que se produzcan, como a las directrices emanadas de la Agencia Espa\u00f1ola de Protecci\u00f3n de Datos.<\/p>\n<p><strong>4. COMUNICACIONES DE DATOS EFECTUADAS POR EL PROPIO USUARIO<\/strong><br \/>\n4.1. A trav\u00e9s del Blog<br \/>\nPara suscribirse en el Blog \u00fanicamente deber\u00e1 comunicarse por el Usuario la direcci\u00f3n de correo electr\u00f3nico. La direcci\u00f3n de correo electr\u00f3nico facilitada por el Usuario ser\u00e1 almacenada en un fichero de suscripciones, s\u00f3lo accesible el propietario del Sitio Web y los administradores del Blog, y d\u00e1ndosele el tratamiento del apartado tercero anterior, relativo a la \u201cPOL\u00cdTICA DE PROTECCI\u00d3N DE DATOS\u201d. El Usuario suscrito en el Blog de esta manera podr\u00e1 comentar las noticias, art\u00edculos y dem\u00e1s publicaciones del Blog, para lo que deber\u00e1 observarse el apartado segundo de este aviso legal referente a \u201cCONDICIONES DE ACCESO Y UTILIZACI\u00d3N DEL SITIO WEB Y SUS CONTENIDOS\u201d. El Usuario suscrito podr\u00e1 recibir de forma autom\u00e1tica en su correo electr\u00f3nico las publicaciones del Blog. No obstante, el Usuario tambi\u00e9n podr\u00e1 recibir informaci\u00f3n comercial acerca de los servicios que ofrece el Titular o de terceros. Es preciso advertir al Usuario que no debe facilitar a trav\u00e9s del Blog datos personales relativos a terceras personas.<\/p>\n<p><strong>4.2. A trav\u00e9s de Newsletter<\/strong><br \/>\nPara suscribirse en el Newsletter \u00fanicamente se comunicar\u00e1 por el Usuario la direcci\u00f3n de correo electr\u00f3nico. La direcci\u00f3n de correo electr\u00f3nico que facilite el Usuario se almacenar\u00e1 en un fichero de suscripciones, siendo \u00fanicamente accesible el propietario del Sitio Web y los administradores del Newsletter, y se le dar\u00e1 el tratamiento del apartado tercero anterior, relativo a la \u201cPOL\u00cdTICA DE PROTECCI\u00d3N DE DATOS\u201d. El Usuario suscrito al Newsletter podr\u00e1 recibir informaci\u00f3n comercial acerca de los servicios que ofrece el Titular o de terceros.<\/p>\n<p><strong>5. EXCLUSI\u00d3N DE RESPONSABILIDAD<\/strong><br \/>\nEn ning\u00fan caso se responsabilizar\u00e1 el Titular por los da\u00f1os y perjuicios que pudieran ocasionarse mediante el uso de la informaci\u00f3n proporcionada por medio del Sitio Web. Tampoco se garantiza por el Titular la exactitud y\/o veracidad de toda o parte de la informaci\u00f3n contenida en el Sitio Web, ni su actualizaci\u00f3n, ni que dicha informaci\u00f3n no haya sido alterada o modificada en todo o en parte, despu\u00e9s de haber sido incluida en el Sitio Web. Adem\u00e1s, el Titular no ser\u00e1 responsable de los contenidos publicados en el Blog por los usuarios. En cuanto al funcionamiento del Blog, el Titular podr\u00e1 realizar las correcciones, las mejoras o las modificaciones en la informaci\u00f3n contenida en el Blog que considere pertinentes, sin que ello de lugar, ni derecho a ninguna reclamaci\u00f3n o indemnizaci\u00f3n, ni implique el reconocimiento de responsabilidad alguna. Tampoco se har\u00e1 responsable el Titular por los da\u00f1os y perjuicios de cualquier naturaleza que se pudieran derivar de la disponibilidad y continuidad t\u00e9cnica del funcionamiento del Sitio Web y de sus contenidos. Asimismo, el Titular no se responsabilizar\u00e1 por los da\u00f1os y perjuicios de cualquier naturaleza que puedan deberse a la presencia de malware o de otros elementos maliciosos en los contenidos que puedan producir alteraciones en el sistema inform\u00e1tico, programas, documentos electr\u00f3nicos o ficheros de los usuarios.<\/p>\n<p><strong>6. PROPIEDAD INTELECTUAL E INDUSTRIAL<\/strong><br \/>\nTodos los contenidos del Sitio Web (a t\u00edtulo enunciativo: im\u00e1genes, sonido, audio, v\u00eddeo, software o textos; marcas o logotipos, combinaciones de colores, estructura y dise\u00f1o, selecci\u00f3n de materiales usados, programas de ordenador necesarios para su funcionamiento, acceso y uso, etc.) son propiedad del Titular, sin que puedan entenderse cedidos al Usuario ninguno de los derechos de explotaci\u00f3n reconocidos por la normativa vigente en materia de propiedad intelectual e industrial sobre los mismos. En definitiva, todos los derechos en las referidas materias sobre los contenidos quedan reservados al Titular del Sitio Web. Quedan expresamente prohibidas la copia, la modificaci\u00f3n, la reproducci\u00f3n, la descarga, la transmisi\u00f3n, la distribuci\u00f3n o la transformaci\u00f3n, de la totalidad o parte de los contenidos de esta p\u00e1gina, en cualquier soporte y por cualquier medio t\u00e9cnico, sin la autorizaci\u00f3n del Titular. Por lo tanto, el Usuario se compromete a respetar los derechos de Propiedad Intelectual Industrial que ostenta el Titular.<\/p>\n<p><strong>7. MODIFICACIONES EN EL SITIO WEB<\/strong><br \/>\nEl Titular se reserva el derecho de efectuar sin previo aviso las modificaciones que considere oportunas en el Sitio Web, pudiendo cambiar, suprimir o a\u00f1adir tanto los contenidos y servicios que se presten a trav\u00e9s del mismo como la forma en la que \u00e9stos aparezcan presentados o localizados en el Sitio Web.<\/p>\n<p><strong>8. POL\u00cdTICA DE ENLACES<\/strong><br \/>\nEn el caso de que en el Sitio Web se dispusiesen enlaces o hiperv\u00ednculos hac\u00eda otros sitios de Internet, el Titular no ejercer\u00e1 ning\u00fan tipo de control sobre dichos sitios y contenidos. En ning\u00fan caso el Titular asumir\u00e1 responsabilidad alguna por los contenidos de alg\u00fan enlace perteneciente a un sitio web ajeno, ni garantizar\u00e1 la disponibilidad t\u00e9cnica, la calidad, la fiabilidad, la exactitud, la amplitud, la veracidad, la validez y la constitucionalidad de cualquier material o informaci\u00f3n contenida en ninguno de dichos hiperv\u00ednculos u otros sitios de Internet. Igualmente la inclusi\u00f3n de estas conexiones externas no implicar\u00e1 ning\u00fan tipo de asociaci\u00f3n, fusi\u00f3n o participaci\u00f3n con las entidades conectadas.<\/p>\n<p><strong>9. MODIFICACI\u00d3N DE LAS PRESENTES CONDICIONES LEGALES Y SU DURACI\u00d3N<\/strong><br \/>\nEl Titular podr\u00e1 modificar en cualquier momento las condiciones legales aqu\u00ed determinadas, siendo debidamente publicadas como aqu\u00ed aparecen. La vigencia de las citadas condiciones ir\u00e1 en funci\u00f3n de su exposici\u00f3n y estar\u00e1n vigentes hasta que sean modificadas por otras debidamente publicadas.<\/p>\n<p><strong>10. LEGISLACI\u00d3N APLICABLE Y JURISDICCI\u00d3N<\/strong><br \/>\nLa relaci\u00f3n entre el Titular y el Usuario se regir\u00e1 por la normativa espa\u00f1ola vigente y cualquier controversia se someter\u00e1 a los Juzgados y Tribunales de la ciudad de Palma de Mallorca.<\/p>\n<\/div><\/div><\/div><\/div><\/div>\n","protected":false},"excerpt":{"rendered":"","protected":false},"author":1,"featured_media":0,"parent":0,"menu_order":0,"comment_status":"closed","ping_status":"closed","template":"100-width.php","meta":{"_joinchat":[],"footnotes":""},"yoast_head":"<!-- This site is optimized with the Yoast SEO plugin v22.8 - https:\/\/yoast.com\/wordpress\/plugins\/seo\/ -->\n<title>Pol\u00edtica de Privacidad | Mallorca Residential Management<\/title>\n<meta name=\"description\" content=\"La relaci\u00f3n entre el Mallorca Residential Management y el usuario se regir\u00e1 por la normativa espa\u00f1ola vigente y cualquier controversia se someter\u00e1 a los Juzgados y Tribunales de Palma.\" \/>\n<meta name=\"robots\" content=\"index, follow, max-snippet:-1, max-image-preview:large, max-video-preview:-1\" \/>\n<link rel=\"canonical\" href=\"https:\/\/mallorcaresidentialmanagement.com\/es\/politica-de-privacidad\/\" \/>\n<meta property=\"og:locale\" content=\"es_ES\" \/>\n<meta property=\"og:type\" content=\"article\" \/>\n<meta property=\"og:title\" content=\"Pol\u00edtica de Privacidad | Mallorca Residential Management\" \/>\n<meta property=\"og:description\" content=\"La relaci\u00f3n entre el Mallorca Residential Management y el usuario se regir\u00e1 por la normativa espa\u00f1ola vigente y cualquier controversia se someter\u00e1 a los Juzgados y Tribunales de Palma.\" \/>\n<meta property=\"og:url\" content=\"https:\/\/mallorcaresidentialmanagement.com\/es\/politica-de-privacidad\/\" \/>\n<meta property=\"og:site_name\" content=\"Mallorca Residential Management\" \/>\n<meta property=\"article:modified_time\" content=\"2022-10-05T14:05:50+00:00\" \/>\n<meta name=\"twitter:card\" content=\"summary_large_image\" \/>\n<script type=\"application\/ld+json\" class=\"yoast-schema-graph\">{\"@context\":\"https:\/\/schema.org\",\"@graph\":[{\"@type\":\"WebPage\",\"@id\":\"https:\/\/mallorcaresidentialmanagement.com\/es\/politica-de-privacidad\/\",\"url\":\"https:\/\/mallorcaresidentialmanagement.com\/es\/politica-de-privacidad\/\",\"name\":\"Pol\u00edtica de Privacidad | Mallorca Residential Management\",\"isPartOf\":{\"@id\":\"https:\/\/mallorcaresidentialmanagement.com\/es\/#website\"},\"datePublished\":\"2022-01-14T10:25:08+00:00\",\"dateModified\":\"2022-10-05T14:05:50+00:00\",\"description\":\"La relaci\u00f3n entre el Mallorca Residential Management y el usuario se regir\u00e1 por la normativa espa\u00f1ola vigente y cualquier controversia se someter\u00e1 a los Juzgados y Tribunales de Palma.\",\"breadcrumb\":{\"@id\":\"https:\/\/mallorcaresidentialmanagement.com\/es\/politica-de-privacidad\/#breadcrumb\"},\"inLanguage\":\"es\",\"potentialAction\":[{\"@type\":\"ReadAction\",\"target\":[\"https:\/\/mallorcaresidentialmanagement.com\/es\/politica-de-privacidad\/\"]}]},{\"@type\":\"BreadcrumbList\",\"@id\":\"https:\/\/mallorcaresidentialmanagement.com\/es\/politica-de-privacidad\/#breadcrumb\",\"itemListElement\":[{\"@type\":\"ListItem\",\"position\":1,\"name\":\"Portada\",\"item\":\"https:\/\/mallorcaresidentialmanagement.com\/es\/\"},{\"@type\":\"ListItem\",\"position\":2,\"name\":\"Pol\u00edtica de Privacidad\"}]},{\"@type\":\"WebSite\",\"@id\":\"https:\/\/mallorcaresidentialmanagement.com\/es\/#website\",\"url\":\"https:\/\/mallorcaresidentialmanagement.com\/es\/\",\"name\":\"Mallorca Residential Management\",\"description\":\"\",\"potentialAction\":[{\"@type\":\"SearchAction\",\"target\":{\"@type\":\"EntryPoint\",\"urlTemplate\":\"https:\/\/mallorcaresidentialmanagement.com\/es\/?s={search_term_string}\"},\"query-input\":\"required name=search_term_string\"}],\"inLanguage\":\"es\"}]}<\/script>\n<!-- \/ Yoast SEO plugin. -->","yoast_head_json":{"title":"Pol\u00edtica de Privacidad | Mallorca Residential Management","description":"La relaci\u00f3n entre el Mallorca Residential Management y el usuario se regir\u00e1 por la normativa espa\u00f1ola vigente y cualquier controversia se someter\u00e1 a los Juzgados y Tribunales de Palma.","robots":{"index":"index","follow":"follow","max-snippet":"max-snippet:-1","max-image-preview":"max-image-preview:large","max-video-preview":"max-video-preview:-1"},"canonical":"https:\/\/mallorcaresidentialmanagement.com\/es\/politica-de-privacidad\/","og_locale":"es_ES","og_type":"article","og_title":"Pol\u00edtica de Privacidad | Mallorca Residential Management","og_description":"La relaci\u00f3n entre el Mallorca Residential Management y el usuario se regir\u00e1 por la normativa espa\u00f1ola vigente y cualquier controversia se someter\u00e1 a los Juzgados y Tribunales de Palma.","og_url":"https:\/\/mallorcaresidentialmanagement.com\/es\/politica-de-privacidad\/","og_site_name":"Mallorca Residential Management","article_modified_time":"2022-10-05T14:05:50+00:00","twitter_card":"summary_large_image","schema":{"@context":"https:\/\/schema.org","@graph":[{"@type":"WebPage","@id":"https:\/\/mallorcaresidentialmanagement.com\/es\/politica-de-privacidad\/","url":"https:\/\/mallorcaresidentialmanagement.com\/es\/politica-de-privacidad\/","name":"Pol\u00edtica de Privacidad | Mallorca Residential Management","isPartOf":{"@id":"https:\/\/mallorcaresidentialmanagement.com\/es\/#website"},"datePublished":"2022-01-14T10:25:08+00:00","dateModified":"2022-10-05T14:05:50+00:00","description":"La relaci\u00f3n entre el Mallorca Residential Management y el usuario se regir\u00e1 por la normativa espa\u00f1ola vigente y cualquier controversia se someter\u00e1 a los Juzgados y Tribunales de Palma.","breadcrumb":{"@id":"https:\/\/mallorcaresidentialmanagement.com\/es\/politica-de-privacidad\/#breadcrumb"},"inLanguage":"es","potentialAction":[{"@type":"ReadAction","target":["https:\/\/mallorcaresidentialmanagement.com\/es\/politica-de-privacidad\/"]}]},{"@type":"BreadcrumbList","@id":"https:\/\/mallorcaresidentialmanagement.com\/es\/politica-de-privacidad\/#breadcrumb","itemListElement":[{"@type":"ListItem","position":1,"name":"Portada","item":"https:\/\/mallorcaresidentialmanagement.com\/es\/"},{"@type":"ListItem","position":2,"name":"Pol\u00edtica de Privacidad"}]},{"@type":"WebSite","@id":"https:\/\/mallorcaresidentialmanagement.com\/es\/#website","url":"https:\/\/mallorcaresidentialmanagement.com\/es\/","name":"Mallorca Residential Management","description":"","potentialAction":[{"@type":"SearchAction","target":{"@type":"EntryPoint","urlTemplate":"https:\/\/mallorcaresidentialmanagement.com\/es\/?s={search_term_string}"},"query-input":"required name=search_term_string"}],"inLanguage":"es"}]}},"_links":{"self":[{"href":"https:\/\/mallorcaresidentialmanagement.com\/es\/wp-json\/wp\/v2\/pages\/255"}],"collection":[{"href":"https:\/\/mallorcaresidentialmanagement.com\/es\/wp-json\/wp\/v2\/pages"}],"about":[{"href":"https:\/\/mallorcaresidentialmanagement.com\/es\/wp-json\/wp\/v2\/types\/page"}],"author":[{"embeddable":true,"href":"https:\/\/mallorcaresidentialmanagement.com\/es\/wp-json\/wp\/v2\/users\/1"}],"replies":[{"embeddable":true,"href":"https:\/\/mallorcaresidentialmanagement.com\/es\/wp-json\/wp\/v2\/comments?post=255"}],"version-history":[{"count":0,"href":"https:\/\/mallorcaresidentialmanagement.com\/es\/wp-json\/wp\/v2\/pages\/255\/revisions"}],"wp:attachment":[{"href":"https:\/\/mallorcaresidentialmanagement.com\/es\/wp-json\/wp\/v2\/media?parent=255"}],"curies":[{"name":"wp","href":"https:\/\/api.w.org\/{rel}","templated":true}]}}